{"id":13763,"date":"2021-11-17T12:58:47","date_gmt":"2021-11-17T09:58:47","guid":{"rendered":"https:\/\/yeniantalya.com\/hakkimizda\/"},"modified":"2023-03-27T19:59:10","modified_gmt":"2023-03-27T16:59:10","slug":"about-us","status":"publish","type":"page","link":"https:\/\/yeniantalya.com\/en\/about-us\/","title":{"rendered":"About Us"},"content":{"rendered":"\t\t<div data-elementor-type=\"wp-page\" data-elementor-id=\"13763\" class=\"elementor elementor-13763 elementor-411\">\n\t\t\t\t\t\t<div class=\"elementor-inner\">\n\t\t\t\t<div class=\"elementor-section-wrap\">\n\t\t\t\t\t\t\t\t\t<section class=\"elementor-section elementor-top-section elementor-element elementor-element-e05e5dd elementor-reverse-mobile elementor-section-boxed elementor-section-height-default elementor-section-height-default\" data-id=\"e05e5dd\" data-element_type=\"section\">\n\t\t\t\t\t\t<div class=\"elementor-container elementor-column-gap-extended\">\n\t\t\t\t\t\t\t<div class=\"elementor-row\">\n\t\t\t\t\t<div class=\"elementor-column elementor-col-33 elementor-top-column elementor-element elementor-element-8ed1c15\" data-id=\"8ed1c15\" data-element_type=\"column\">\n\t\t\t<div class=\"elementor-column-wrap elementor-element-populated\">\n\t\t\t\t\t\t\t<div class=\"elementor-widget-wrap\">\n\t\t\t\t\t\t<div class=\"elementor-element elementor-element-ec110be elementor-invisible elementor-widget elementor-widget-consultum_heading\" data-id=\"ec110be\" data-element_type=\"widget\" data-settings=\"{&quot;_animation&quot;:&quot;heading_border&quot;}\" data-widget_type=\"consultum_heading.default\">\n\t\t\t\t<div class=\"elementor-widget-container\">\n\t\t\t<div class=\"consultum-heading-widget\"><h2 class=\"consultum-heading\"><span class=\"consultum-subheading\">About Us<\/span><span class=\"consultum-heading-content\">Looking to the future since 1968...<\/span><\/h2><\/div>\t\t<\/div>\n\t\t\t\t<\/div>\n\t\t\t\t<div class=\"elementor-element elementor-element-c8f48e6 elementor-widget elementor-widget-text-editor\" data-id=\"c8f48e6\" data-element_type=\"widget\" data-widget_type=\"text-editor.default\">\n\t\t\t\t<div class=\"elementor-widget-container\">\n\t\t\t<style>\/*! elementor - v3.7.8 - 02-10-2022 *\/\n.elementor-widget-text-editor.elementor-drop-cap-view-stacked .elementor-drop-cap{background-color:#818a91;color:#fff}.elementor-widget-text-editor.elementor-drop-cap-view-framed .elementor-drop-cap{color:#818a91;border:3px solid;background-color:transparent}.elementor-widget-text-editor:not(.elementor-drop-cap-view-default) .elementor-drop-cap{margin-top:8px}.elementor-widget-text-editor:not(.elementor-drop-cap-view-default) .elementor-drop-cap-letter{width:1em;height:1em}.elementor-widget-text-editor .elementor-drop-cap{float:left;text-align:center;line-height:1;font-size:50px}.elementor-widget-text-editor .elementor-drop-cap-letter{display:inline-block}<\/style>\t\t\t\t\t<div class=\"elementor-text-editor elementor-clearfix\">\n\t\t\t\t<p><strong><span style=\"color: #222628;\">At Yeni Antalya Logistics we\u2019ve been operating since 1968 to provide the finest and most reliable service to our clients in every area of logistics.<\/span><\/strong><br \/><br \/><\/p><p>Combining our years-long knowledge with an innovative outlook, we provide our clients with effective and adaptable solutions that draw from our <strong>expertise in the sector<\/strong>. Our <strong>cutting-edge digital infrastructure<\/strong> ensures that our operations run effectively under any circumstance.<br \/><br \/><\/p><p>With our global network who share in our vision for great service we aim to be a <strong>constant source of support<\/strong> for our clients and simplify the operational process for them in any way we can.<br \/><br \/><\/p><p>Thanks to our belief in <strong>transparent communication<\/strong> and the innovative solutions we offer we continue to be the number one choice for leading brands across sectors. Maintaining the quality of work our clients have come to expect from us and continuing to be deserving of their trust is one of our top priorities. In addition to carrying out international road, maritime, air, railroad and intermodal transport we also offer solutions in domestic transport, project freight forwarding and warehouse management.<br \/><br \/><\/p><p>We will continue to grow and <strong>reach new heights of achievement<\/strong> together with our partners and suppliers across the world.<\/p>\t\t\t\t\t<\/div>\n\t\t\t\t\t\t<\/div>\n\t\t\t\t<\/div>\n\t\t\t\t\t\t<\/div>\n\t\t\t\t\t<\/div>\n\t\t<\/div>\n\t\t\t\t<div class=\"elementor-column elementor-col-33 elementor-top-column elementor-element elementor-element-94d797d elementor-hidden-mobile\" data-id=\"94d797d\" data-element_type=\"column\">\n\t\t\t<div class=\"elementor-column-wrap\">\n\t\t\t\t\t\t\t<div class=\"elementor-widget-wrap\">\n\t\t\t\t\t\t\t\t<\/div>\n\t\t\t\t\t<\/div>\n\t\t<\/div>\n\t\t\t\t<div class=\"elementor-column elementor-col-33 elementor-top-column elementor-element elementor-element-c47fc77\" data-id=\"c47fc77\" data-element_type=\"column\">\n\t\t\t<div class=\"elementor-column-wrap elementor-element-populated\">\n\t\t\t\t\t\t\t<div class=\"elementor-widget-wrap\">\n\t\t\t\t\t\t<div class=\"elementor-element elementor-element-4c48f37 decoration-type-4 animated-fast elementor-invisible elementor-widget elementor-widget-consultum_decoration\" data-id=\"4c48f37\" data-element_type=\"widget\" data-settings=\"{&quot;_animation&quot;:&quot;consultum_decoration&quot;,&quot;_animation_delay&quot;:500}\" data-widget_type=\"consultum_decoration.default\">\n\t\t\t\t<div class=\"elementor-widget-container\">\n\t\t\t        <div class=\"decoration-widget\">\n            <div class=\"decoration-container\">\n                <div class=\"consultum-decoration\">\n                    <div><\/div><div><\/div><div><\/div><div><\/div><div><\/div><div><\/div><div><\/div>\n                <\/div>\n            <\/div>\n        <\/div>\n        \t\t<\/div>\n\t\t\t\t<\/div>\n\t\t\t\t\t\t<\/div>\n\t\t\t\t\t<\/div>\n\t\t<\/div>\n\t\t\t\t\t\t\t\t<\/div>\n\t\t\t\t\t<\/div>\n\t\t<\/section>\n\t\t\t\t<section class=\"elementor-section elementor-top-section elementor-element elementor-element-443867a elementor-section-boxed elementor-section-height-default elementor-section-height-default\" data-id=\"443867a\" data-element_type=\"section\">\n\t\t\t\t\t\t<div class=\"elementor-container elementor-column-gap-default\">\n\t\t\t\t\t\t\t<div class=\"elementor-row\">\n\t\t\t\t\t<div class=\"elementor-column elementor-col-50 elementor-top-column elementor-element elementor-element-7ae646d\" data-id=\"7ae646d\" data-element_type=\"column\">\n\t\t\t<div class=\"elementor-column-wrap elementor-element-populated\">\n\t\t\t\t\t\t\t<div class=\"elementor-widget-wrap\">\n\t\t\t\t\t\t<div class=\"elementor-element elementor-element-113f645 decoration-type-4 animated-fast elementor-invisible elementor-widget elementor-widget-consultum_decoration\" data-id=\"113f645\" data-element_type=\"widget\" data-settings=\"{&quot;_animation&quot;:&quot;consultum_decoration&quot;,&quot;_animation_delay&quot;:500}\" data-widget_type=\"consultum_decoration.default\">\n\t\t\t\t<div class=\"elementor-widget-container\">\n\t\t\t        <div class=\"decoration-widget\">\n            <div class=\"decoration-container\">\n                <div class=\"consultum-decoration\">\n                    <div><\/div><div><\/div><div><\/div><div><\/div><div><\/div><div><\/div><div><\/div>\n                <\/div>\n            <\/div>\n        <\/div>\n        \t\t<\/div>\n\t\t\t\t<\/div>\n\t\t\t\t\t\t<\/div>\n\t\t\t\t\t<\/div>\n\t\t<\/div>\n\t\t\t\t<div class=\"elementor-column elementor-col-50 elementor-top-column elementor-element elementor-element-40f84e5\" data-id=\"40f84e5\" data-element_type=\"column\">\n\t\t\t<div class=\"elementor-column-wrap elementor-element-populated\">\n\t\t\t\t\t\t\t<div class=\"elementor-widget-wrap\">\n\t\t\t\t\t\t<div class=\"elementor-element elementor-element-38bdf6d elementor-widget elementor-widget-consultum_heading\" data-id=\"38bdf6d\" data-element_type=\"widget\" data-widget_type=\"consultum_heading.default\">\n\t\t\t\t<div class=\"elementor-widget-container\">\n\t\t\t<div class=\"consultum-heading-widget\"><h2 class=\"consultum-heading\"><span class=\"consultum-heading-content\">We do more than offer logistics solutions. <span style=\"color: #d01b4b\">We share our experience.<\/span><\/span><\/h2><\/div>\t\t<\/div>\n\t\t\t\t<\/div>\n\t\t\t\t\t\t<\/div>\n\t\t\t\t\t<\/div>\n\t\t<\/div>\n\t\t\t\t\t\t\t\t<\/div>\n\t\t\t\t\t<\/div>\n\t\t<\/section>\n\t\t\t\t<section class=\"elementor-section elementor-top-section elementor-element elementor-element-8357160 elementor-section-stretched elementor-hidden-desktop elementor-hidden-tablet elementor-hidden-mobile elementor-section-boxed elementor-section-height-default elementor-section-height-default\" data-id=\"8357160\" data-element_type=\"section\" data-settings=\"{&quot;stretch_section&quot;:&quot;section-stretched&quot;}\">\n\t\t\t\t\t\t<div class=\"elementor-container elementor-column-gap-default\">\n\t\t\t\t\t\t\t<div class=\"elementor-row\">\n\t\t\t\t\t<div class=\"elementor-column elementor-col-100 elementor-top-column elementor-element elementor-element-b9826ca\" data-id=\"b9826ca\" data-element_type=\"column\">\n\t\t\t<div class=\"elementor-column-wrap elementor-element-populated\">\n\t\t\t\t\t\t\t<div class=\"elementor-widget-wrap\">\n\t\t\t\t\t\t<div class=\"elementor-element elementor-element-553a00b elementor-invisible elementor-widget elementor-widget-consultum_heading\" data-id=\"553a00b\" data-element_type=\"widget\" data-settings=\"{&quot;_animation&quot;:&quot;heading_border&quot;}\" data-widget_type=\"consultum_heading.default\">\n\t\t\t\t<div class=\"elementor-widget-container\">\n\t\t\t<div class=\"consultum-heading-widget\"><h3 class=\"consultum-heading\"><span class=\"consultum-heading-content\">D\u00fcnden Yar\u0131na<br>\nYeni Antalya<\/span><\/h3><\/div>\t\t<\/div>\n\t\t\t\t<\/div>\n\t\t\t\t<section class=\"elementor-section elementor-inner-section elementor-element elementor-element-7d23fb9 elementor-section-container-align-left elementor-section-boxed elementor-section-height-default elementor-section-height-default\" data-id=\"7d23fb9\" data-element_type=\"section\">\n\t\t\t\t\t\t<div class=\"elementor-container elementor-column-gap-default\">\n\t\t\t\t\t\t\t<div class=\"elementor-row\">\n\t\t\t\t\t<div class=\"elementor-column elementor-col-100 elementor-inner-column elementor-element elementor-element-482c31b\" data-id=\"482c31b\" data-element_type=\"column\">\n\t\t\t<div class=\"elementor-column-wrap elementor-element-populated\">\n\t\t\t\t\t\t\t<div class=\"elementor-widget-wrap\">\n\t\t\t\t\t\t<div class=\"elementor-element elementor-element-e21855b elementor-widget elementor-widget-consultum_history_carousel\" data-id=\"e21855b\" data-element_type=\"widget\" data-widget_type=\"consultum_history_carousel.default\">\n\t\t\t\t<div class=\"elementor-widget-container\">\n\t\t\t\n        \n        <div class=\"history-carousel-wrapper\">\n            <div class=\"cursor_drag\">\n                <div class=\"cursor-bg\"><\/div>\n                <span>Drag<\/span>\n            <\/div>\n            <div class=\"history-slider-container\">\n                <div class=\"history-slider owl-carousel owl-theme view-type-2\" data-slider-options=\"{&quot;items&quot;:2,&quot;nav&quot;:false,&quot;dots&quot;:false,&quot;dotsContainer&quot;:&quot;.owl-dots-e21855b&quot;,&quot;autoplayHoverPause&quot;:true,&quot;autoplay&quot;:false,&quot;autoplaySpeed&quot;:300,&quot;autoplayTimeout&quot;:5000,&quot;loop&quot;:false,&quot;speed&quot;:500}\">\n                    <div class=\"history-item slider-item\"><div class=\"history-year-wrapper\"><div class=\"history-year\">1968<\/div><\/div><div class=\"history-wrapper\"><h5 class=\"history-title\">Faaliyete Ba\u015flama<\/h5><div class=\"history-text\"><p>Lorem ipsum dolor sit amet, consectetur adipiscing elit. Cras in nisi nisl. Aenean gravida nisi fermentum dolor mattis, sit amet venenatis leo consequat. Integer finibus ut mauris vitae efficitur.\u00a0<\/p><\/div><\/div><\/div><div class=\"history-item slider-item\"><div class=\"history-year-wrapper\"><div class=\"history-year\">1997<\/div><\/div><div class=\"history-wrapper\"><h5 class=\"history-title\">Havaliman\u0131 Ofis A\u00e7\u0131l\u0131\u015f\u0131<\/h5><div class=\"history-text\"><p>Lorem ipsum dolor sit amet, consectetur adipiscing elit. Cras in nisi nisl. Aenean gravida nisi fermentum dolor mattis, sit amet venenatis leo consequat. Integer finibus ut mauris vitae efficitur.\u00a0<\/p><\/div><\/div><\/div><div class=\"history-item slider-item\"><div class=\"history-year-wrapper\"><div class=\"history-year\">2021<\/div><\/div><div class=\"history-wrapper\"><h5 class=\"history-title\">Depo Yat\u0131r\u0131m\u0131<\/h5><div class=\"history-text\"><p>Lorem ipsum dolor sit amet, consectetur adipiscing elit. Cras in nisi nisl. Aenean gravida nisi fermentum dolor mattis, sit amet venenatis leo consequat. Integer finibus ut mauris vitae efficitur.\u00a0<\/p><\/div><\/div><\/div>                <\/div>\n            <\/div>\n            <div class=\"owl-dots owl-dots-e21855b\"><\/div>        <\/div>\n        \t\t<\/div>\n\t\t\t\t<\/div>\n\t\t\t\t\t\t<\/div>\n\t\t\t\t\t<\/div>\n\t\t<\/div>\n\t\t\t\t\t\t\t\t<\/div>\n\t\t\t\t\t<\/div>\n\t\t<\/section>\n\t\t\t\t\t\t<\/div>\n\t\t\t\t\t<\/div>\n\t\t<\/div>\n\t\t\t\t\t\t\t\t<\/div>\n\t\t\t\t\t<\/div>\n\t\t<\/section>\n\t\t\t\t\t\t\t\t\t<\/div>\n\t\t\t<\/div>\n\t\t\t\t\t<\/div>\n\t\t","protected":false},"excerpt":{"rendered":"<p>At Yeni Antalya Logistics we\u2019ve been operating since 1968 to provide the finest and most reliable service to our clients in every area of logistics. Combining our years-long knowledge with an innovative outlook, we provide our clients with effective and adaptable solutions that&#8230;<\/p>\n","protected":false},"author":1,"featured_media":0,"parent":0,"menu_order":0,"comment_status":"closed","ping_status":"closed","template":"","meta":[],"_links":{"self":[{"href":"https:\/\/yeniantalya.com\/en\/wp-json\/wp\/v2\/pages\/13763"}],"collection":[{"href":"https:\/\/yeniantalya.com\/en\/wp-json\/wp\/v2\/pages"}],"about":[{"href":"https:\/\/yeniantalya.com\/en\/wp-json\/wp\/v2\/types\/page"}],"author":[{"embeddable":true,"href":"https:\/\/yeniantalya.com\/en\/wp-json\/wp\/v2\/users\/1"}],"replies":[{"embeddable":true,"href":"https:\/\/yeniantalya.com\/en\/wp-json\/wp\/v2\/comments?post=13763"}],"version-history":[{"count":4,"href":"https:\/\/yeniantalya.com\/en\/wp-json\/wp\/v2\/pages\/13763\/revisions"}],"predecessor-version":[{"id":13769,"href":"https:\/\/yeniantalya.com\/en\/wp-json\/wp\/v2\/pages\/13763\/revisions\/13769"}],"wp:attachment":[{"href":"https:\/\/yeniantalya.com\/en\/wp-json\/wp\/v2\/media?parent=13763"}],"curies":[{"name":"wp","href":"https:\/\/api.w.org\/{rel}","templated":true}]}}