{"id":13796,"date":"2021-11-17T12:56:33","date_gmt":"2021-11-17T09:56:33","guid":{"rendered":"https:\/\/yeniantalya.com\/home\/"},"modified":"2023-11-27T18:35:17","modified_gmt":"2023-11-27T15:35:17","slug":"anasayfa","status":"publish","type":"page","link":"https:\/\/yeniantalya.com\/en\/","title":{"rendered":"Home"},"content":{"rendered":"\t\t<div data-elementor-type=\"wp-page\" data-elementor-id=\"13796\" class=\"elementor elementor-13796 elementor-408\">\n\t\t\t\t\t\t<div class=\"elementor-inner\">\n\t\t\t\t<div class=\"elementor-section-wrap\">\n\t\t\t\t\t\t\t\t\t<section class=\"elementor-section elementor-top-section elementor-element elementor-element-e603b9c elementor-section-full_width elementor-section-stretched elementor-section-height-default elementor-section-height-default\" data-id=\"e603b9c\" data-element_type=\"section\" data-settings=\"{&quot;stretch_section&quot;:&quot;section-stretched&quot;}\">\n\t\t\t\t\t\t<div class=\"elementor-container elementor-column-gap-no\">\n\t\t\t\t\t\t\t<div class=\"elementor-row\">\n\t\t\t\t\t<div class=\"elementor-column elementor-col-100 elementor-top-column elementor-element elementor-element-90c0f3f\" data-id=\"90c0f3f\" data-element_type=\"column\">\n\t\t\t<div class=\"elementor-column-wrap elementor-element-populated\">\n\t\t\t\t\t\t\t<div class=\"elementor-widget-wrap\">\n\t\t\t\t\t\t<div class=\"elementor-element elementor-element-8f9f127 elementor-widget elementor-widget-consultum_content_slider\" data-id=\"8f9f127\" data-element_type=\"widget\" data-widget_type=\"consultum_content_slider.default\">\n\t\t\t\t<div class=\"elementor-widget-container\">\n\t\t\t\n        <div class=\"consultum-content-slider-widget\">\n            <div class=\"content-slider-wrapper\">\n\n                <div class=\"content-slider-container\">\n                    <div class=\"content-slider owl-carousel owl-theme\" data-slider-options=\"{&quot;items&quot;:1,&quot;nav&quot;:false,&quot;dots&quot;:true,&quot;autoplayHoverPause&quot;:true,&quot;autoplay&quot;:false,&quot;autoplaySpeed&quot;:5000,&quot;autoplayTimeout&quot;:5000,&quot;loop&quot;:true,&quot;speed&quot;:1200,&quot;dotsContainer&quot;:&quot;.owl-dots-8f9f127&quot;,&quot;animateOut&quot;:&quot;fadeOut&quot;,&quot;mouseDrag&quot;:true,&quot;touchDrag&quot;:true}\">\n                        <div class=\"content-item slider-item elementor-repeater-item-7cb29ab content-position-end image-vertical-position-middle\"><div class=\"elementor-section elementor-section-boxed\"><div class=\"elementor-container elementor-column-gap-extended\"><div class=\"elementor-row\"><div class=\"slide-content-column\"><div class=\"slide-content-column-inner\"><div class=\"consultum-content-wrapper-1\"><div class=\"consultum-heading content-slider-item-heading\"><span class=\"consultum-heading-content\">Client Focused Approach to Logistics<\/span><\/div><\/div><div class=\"consultum-content-wrapper-2\"><div class=\"content-slider-item-text\"><p>We prioritize client satisfaction in all the services we offer. Looking to the future since 1968.<\/p><\/div><\/div><div class=\"consultum-content-wrapper-3\"><div class=\"content-slider-item-buttons\"><a class=\"consultum-button\" href=\"https:\/\/yeniantalya.com\/en\/about-us\/\" target=\"_blank\">About Us<\/a><\/div><\/div><\/div><\/div><\/div><\/div><\/div><div class=\"slide-image-column\"><div class=\"additional-image tilt-effect\"><\/div><\/div><\/div><div class=\"content-item slider-item elementor-repeater-item-323facd content-position-start image-vertical-position-middle\"><div class=\"elementor-section elementor-section-boxed\"><div class=\"elementor-container elementor-column-gap-extended\"><div class=\"elementor-row\"><div class=\"slide-content-column\"><div class=\"slide-content-column-inner\"><div class=\"consultum-content-wrapper-1\"><div class=\"consultum-heading content-slider-item-heading\"><span class=\"consultum-heading-content\">Transparent Communication<\/span><\/div><\/div><div class=\"consultum-content-wrapper-2\"><div class=\"content-slider-item-text\"><p>We exercise transparent communication in all our operations. Looking to the future since 1968.<\/p><\/div><\/div><div class=\"consultum-content-wrapper-3\"><div class=\"content-slider-item-buttons\"><a class=\"consultum-button\" href=\"https:\/\/yeniantalya.com\/en\/about-us\/\" target=\"_blank\">About Us<\/a><\/div><\/div><\/div><\/div><\/div><\/div><\/div><div class=\"slide-image-column\"><div class=\"additional-image tilt-effect\"><\/div><\/div><\/div><div class=\"content-item slider-item elementor-repeater-item-f369180 content-position-end image-vertical-position-middle\"><div class=\"elementor-section elementor-section-boxed\"><div class=\"elementor-container elementor-column-gap-extended\"><div class=\"elementor-row\"><div class=\"slide-content-column\"><div class=\"slide-content-column-inner\"><div class=\"consultum-content-wrapper-1\"><div class=\"consultum-heading content-slider-item-heading\"><span class=\"consultum-heading-content\">Reliable Pricing Policy<\/span><\/div><\/div><div class=\"consultum-content-wrapper-2\"><div class=\"content-slider-item-text\"><p>We offer competitive freight quotes to our clients so they can manage their expenditures effectively. Looking to the future since 1968.<\/p><\/div><\/div><div class=\"consultum-content-wrapper-3\"><div class=\"content-slider-item-buttons\"><a class=\"consultum-button\" href=\"https:\/\/yeniantalya.com\/en\/our-vision\/\" target=\"_blank\">Our Vision<\/a><\/div><\/div><\/div><\/div><\/div><\/div><\/div><div class=\"slide-image-column\"><div class=\"additional-image tilt-effect\"><\/div><\/div><\/div>                    <\/div>\n                    <div class=\"bottom-area dots-position-center\"><div class=\"slider-decoration-wrapper decoration-type-1 decoration-position-right\"><div class=\"slider-decoration\"><div><\/div><div><\/div><div><\/div><div><\/div><div><\/div><div><\/div><div><\/div><\/div><\/div><div class=\"owl-dots-wrapper\"><span class=\"content_slider_counter_first\">01<\/span><div class=\"owl-dots owl-dots-8f9f127\"><\/div><span class=\"content_slider_counter_last\">03<\/span><\/div><\/div>                <\/div>\n\n            <\/div>\n        <\/div>\n        \t\t<\/div>\n\t\t\t\t<\/div>\n\t\t\t\t\t\t<\/div>\n\t\t\t\t\t<\/div>\n\t\t<\/div>\n\t\t\t\t\t\t\t\t<\/div>\n\t\t\t\t\t<\/div>\n\t\t<\/section>\n\t\t\t\t<section class=\"elementor-section elementor-top-section elementor-element elementor-element-c8c9778 elementor-section-boxed elementor-section-height-default elementor-section-height-default\" data-id=\"c8c9778\" data-element_type=\"section\">\n\t\t\t\t\t\t<div class=\"elementor-container elementor-column-gap-default\">\n\t\t\t\t\t\t\t<div class=\"elementor-row\">\n\t\t\t\t\t<div class=\"elementor-column elementor-col-50 elementor-top-column elementor-element elementor-element-80b5925\" data-id=\"80b5925\" data-element_type=\"column\">\n\t\t\t<div class=\"elementor-column-wrap elementor-element-populated\">\n\t\t\t\t\t\t\t<div class=\"elementor-widget-wrap\">\n\t\t\t\t\t\t<div class=\"elementor-element elementor-element-92e3677 decoration-type-4 animated-fast elementor-invisible elementor-widget elementor-widget-consultum_decoration\" data-id=\"92e3677\" data-element_type=\"widget\" data-settings=\"{&quot;_animation&quot;:&quot;consultum_decoration&quot;,&quot;_animation_delay&quot;:500}\" data-widget_type=\"consultum_decoration.default\">\n\t\t\t\t<div class=\"elementor-widget-container\">\n\t\t\t        <div class=\"decoration-widget\">\n            <div class=\"decoration-container\">\n                <div class=\"consultum-decoration\">\n                    <div><\/div><div><\/div><div><\/div><div><\/div><div><\/div><div><\/div><div><\/div>\n                <\/div>\n            <\/div>\n        <\/div>\n        \t\t<\/div>\n\t\t\t\t<\/div>\n\t\t\t\t\t\t<\/div>\n\t\t\t\t\t<\/div>\n\t\t<\/div>\n\t\t\t\t<div class=\"elementor-column elementor-col-50 elementor-top-column elementor-element elementor-element-ac054e1\" data-id=\"ac054e1\" data-element_type=\"column\">\n\t\t\t<div class=\"elementor-column-wrap elementor-element-populated\">\n\t\t\t\t\t\t\t<div class=\"elementor-widget-wrap\">\n\t\t\t\t\t\t<div class=\"elementor-element elementor-element-f36cf2f elementor-widget elementor-widget-consultum_heading\" data-id=\"f36cf2f\" data-element_type=\"widget\" data-widget_type=\"consultum_heading.default\">\n\t\t\t\t<div class=\"elementor-widget-container\">\n\t\t\t<div class=\"consultum-heading-widget\"><h3 class=\"consultum-heading\"><span class=\"consultum-heading-content\">We do more than offer logistics solutions.<br \/><span style=\"color: #d01b4b\">We share our experience.<\/span><\/span><\/h3><\/div>\t\t<\/div>\n\t\t\t\t<\/div>\n\t\t\t\t\t\t<\/div>\n\t\t\t\t\t<\/div>\n\t\t<\/div>\n\t\t\t\t\t\t\t\t<\/div>\n\t\t\t\t\t<\/div>\n\t\t<\/section>\n\t\t\t\t<section class=\"elementor-section elementor-top-section elementor-element elementor-element-e382606 elementor-section-boxed elementor-section-height-default elementor-section-height-default\" data-id=\"e382606\" data-element_type=\"section\">\n\t\t\t\t\t\t<div class=\"elementor-container elementor-column-gap-default\">\n\t\t\t\t\t\t\t<div class=\"elementor-row\">\n\t\t\t\t\t<div class=\"elementor-column elementor-col-100 elementor-top-column elementor-element elementor-element-7b5567f\" data-id=\"7b5567f\" data-element_type=\"column\">\n\t\t\t<div class=\"elementor-column-wrap elementor-element-populated\">\n\t\t\t\t\t\t\t<div class=\"elementor-widget-wrap\">\n\t\t\t\t\t\t<section class=\"elementor-section elementor-inner-section elementor-element elementor-element-584fdb8 elementor-section-boxed elementor-section-height-default elementor-section-height-default\" data-id=\"584fdb8\" data-element_type=\"section\">\n\t\t\t\t\t\t<div class=\"elementor-container elementor-column-gap-default\">\n\t\t\t\t\t\t\t<div class=\"elementor-row\">\n\t\t\t\t\t<div class=\"elementor-column elementor-col-100 elementor-inner-column elementor-element elementor-element-3922a23\" data-id=\"3922a23\" data-element_type=\"column\">\n\t\t\t<div class=\"elementor-column-wrap elementor-element-populated\">\n\t\t\t\t\t\t\t<div class=\"elementor-widget-wrap\">\n\t\t\t\t\t\t<div class=\"elementor-element elementor-element-ad75419 icon-position-bottom elementor-widget elementor-widget-consultum_services_listing\" data-id=\"ad75419\" data-element_type=\"widget\" data-widget_type=\"consultum_services_listing.default\">\n\t\t\t\t<div class=\"elementor-widget-container\">\n\t\t\t\n        <div class=\"consultum-service-listing-widget\">\n\n            <div class=\"archive-listing\" data-ajax='{&quot;post_type&quot;:&quot;consultum_service&quot;,&quot;ignore_sticky_posts&quot;:true,&quot;suppress_filters&quot;:true,&quot;orderby&quot;:&quot;post__in&quot;,&quot;order&quot;:&quot;desc&quot;,&quot;link_base&quot;:&quot;https:\\\/\\\/yeniantalya.com\\\/en\\\/wp-json\\\/wp\\\/v2\\\/pages\\\/13796\\\/&quot;,&quot;post__in&quot;:[&quot;10656&quot;,&quot;10654&quot;,&quot;10651&quot;,&quot;10649&quot;,&quot;6586&quot;,&quot;6577&quot;,&quot;1829&quot;,&quot;1831&quot;],&quot;posts_per_page&quot;:8,&quot;columns_number&quot;:3,&quot;paged&quot;:1}' data-widget='{&quot;excerpt_length&quot;:163,&quot;icon_position&quot;:&quot;bottom&quot;,&quot;item_class&quot;:&quot;service-item-wrapper&quot;,&quot;columns_number&quot;:3}'>\n                <div class=\"archive-listing-wrapper service-listing-wrapper service-grid-listing columns-3\">\n                    <div class=\"service-item-wrapper post-13778 consultum_service type-consultum_service status-publish has-post-thumbnail hentry\">\n    <div class=\"service-item\">\n                                <h4 class=\"service-post-title\"><a href=\"https:\/\/yeniantalya.com\/en\/services\/road-transport\/\">Road Transport<\/a><\/h4>\n        <div class=\"service-item-excerpt\">With our subcontracted vehicle fleet we offer fast and reliable integrated logistics services in road transport between European countries.\r\n\r\n<\/div><\/div><\/div><\/div><\/div><\/div><\/div><\/div><\/div><\/div><\/div><\/div><\/div><\/section><\/div><\/div><\/div><\/div><\/div><\/section><\/div><\/div><\/div> <a href=\"https:\/\/yeniantalya.com\/en\/services\/warehouse-management\/#more-13785\" class=\"more-link elementor-more-link\"><span aria-label=\"Continue reading Warehouse Management\">(more&hellip;)<\/span><\/a>","protected":false},"excerpt":{"rendered":"<p>Yeni Antalya Logistics olarak sekt\u00f6rde kat etti\u011fimiz uzun y\u0131llar, edindi\u011fimiz ba\u015far\u0131lar ve deneyimimizdeki en b\u00fcy\u00fck s\u0131r, daima \u00f6nem verdi\u011fimiz insan kayna\u011f\u0131m\u0131z oldu. Kariyerinde yeni bir sayfa a\u00e7mak, enerjisi ve hedefleriyle bize katk\u0131 sa\u011flayaca\u011f\u0131na inanan herkes a\u00e7\u0131k pozisyondaki ilanlar\u0131m\u0131za ba\u015fvurabilir. 100&#8217;\u00fc a\u015fk\u0131n Deneyimli \u00e7al\u0131\u015fan<\/p>\n","protected":false},"author":1,"featured_media":0,"parent":0,"menu_order":0,"comment_status":"closed","ping_status":"closed","template":"","meta":[],"_links":{"self":[{"href":"https:\/\/yeniantalya.com\/en\/wp-json\/wp\/v2\/pages\/13796"}],"collection":[{"href":"https:\/\/yeniantalya.com\/en\/wp-json\/wp\/v2\/pages"}],"about":[{"href":"https:\/\/yeniantalya.com\/en\/wp-json\/wp\/v2\/types\/page"}],"author":[{"embeddable":true,"href":"https:\/\/yeniantalya.com\/en\/wp-json\/wp\/v2\/users\/1"}],"replies":[{"embeddable":true,"href":"https:\/\/yeniantalya.com\/en\/wp-json\/wp\/v2\/comments?post=13796"}],"version-history":[{"count":29,"href":"https:\/\/yeniantalya.com\/en\/wp-json\/wp\/v2\/pages\/13796\/revisions"}],"predecessor-version":[{"id":13854,"href":"https:\/\/yeniantalya.com\/en\/wp-json\/wp\/v2\/pages\/13796\/revisions\/13854"}],"wp:attachment":[{"href":"https:\/\/yeniantalya.com\/en\/wp-json\/wp\/v2\/media?parent=13796"}],"curies":[{"name":"wp","href":"https:\/\/api.w.org\/{rel}","templated":true}]}}